{"id":546,"date":"2024-09-07T07:59:29","date_gmt":"2024-09-07T05:59:29","guid":{"rendered":"https:\/\/turfrob.hmf-software.de\/impressum\/"},"modified":"2024-09-08T18:07:52","modified_gmt":"2024-09-08T16:07:52","slug":"pie-de-imprenta","status":"publish","type":"page","link":"https:\/\/turfrob.com\/es\/pie-de-imprenta\/","title":{"rendered":"Pie de imprenta"},"content":{"rendered":"<p>[et_pb_section fb_built=\u00bb1&#8243; disabled_on=\u00bbon|on|on\u00bb admin_label=\u00bbSektion\u00bb module_class=\u00bbhome-banner\u00bb _builder_version=\u00bb4.27.0&#8243; _module_preset=\u00bbdefault\u00bb background_video_mp4=\u00bbhttps:\/\/turfrob.com\/wp-content\/uploads\/2024\/09\/tr-intro-teaser-bg.mp4&#8243; min_height=\u00bb80vh\u00bb disabled=\u00bbon\u00bb global_colors_info=\u00bb{}\u00bb][et_pb_row _builder_version=\u00bb4.27.0&#8243; _module_preset=\u00bbdefault\u00bb max_width=\u00bb725px\u00bb module_alignment=\u00bbcenter\u00bb animation_style=\u00bbslide\u00bb animation_direction=\u00bbtop\u00bb animation_delay=\u00bb500ms\u00bb hover_transition_speed_curve=\u00bbease-in-out\u00bb scroll_vertical_motion=\u00bb0|31|31|100|4|0|-4&#8243; global_colors_info=\u00bb{}\u00bb][et_pb_column type=\u00bb4_4&#8243; _builder_version=\u00bb4.27.0&#8243; _module_preset=\u00bbdefault\u00bb global_colors_info=\u00bb{}\u00bb][et_pb_text _builder_version=\u00bb4.27.0&#8243; _module_preset=\u00bbdefault\u00bb text_font=\u00bbjura||||||||\u00bb text_text_color=\u00bb#FFFFFF\u00bb text_font_size=\u00bb85px\u00bb text_line_height=\u00bb85px\u00bb text_orientation=\u00bbcenter\u00bb custom_padding=\u00bb||60px||false|false\u00bb custom_padding_tablet=\u00bb||60px||false|false\u00bb custom_padding_phone=\u00bb||30px||false|false\u00bb custom_padding_last_edited=\u00bbon|phone\u00bb text_font_size_tablet=\u00bb60px\u00bb text_font_size_phone=\u00bb40px\u00bb text_font_size_last_edited=\u00bbon|phone\u00bb text_line_height_tablet=\u00bb60px\u00bb text_line_height_phone=\u00bb40px\u00bb text_line_height_last_edited=\u00bbon|tablet\u00bb global_colors_info=\u00bb{}\u00bb]<\/p>\n<p><span class=\"text-sky\"><span style=\"vertical-align: inherit;\"><span style=\"vertical-align: inherit;\"><span style=\"vertical-align: inherit;\"><span style=\"vertical-align: inherit;\">Turfrob: <\/span><\/span><\/span><\/span><\/span><span style=\"vertical-align: inherit;\"><span style=\"vertical-align: inherit;\"><span style=\"vertical-align: inherit;\"><span style=\"vertical-align: inherit;\">Your Greenkeeper for Artificial Turf<\/span><\/span><\/span><\/span><\/p>\n<p>[\/et_pb_text][et_pb_heading title=\u00bbPLAY\u00bb admin_label=\u00bbh6&#8243; module_class=\u00bbbanner-video-play\u00bb _builder_version=\u00bb4.27.0&#8243; _module_preset=\u00bbdefault\u00bb title_level=\u00bbh4&#8243; title_font=\u00bbtrade gothic lt pro light|||on|||||\u00bb title_text_align=\u00bbcenter\u00bb title_text_color=\u00bb#FFFFFF\u00bb title_font_size=\u00bb24px\u00bb title_line_height=\u00bb24px\u00bb background_color=\u00bb#38a2bc\u00bb positioning=\u00bbnone\u00bb custom_margin=\u00bb0px||0px||false|false\u00bb custom_padding=\u00bb10px|50px|10px|50px|true|true\u00bb border_radii=\u00bbon|10px|10px|10px|10px\u00bb border_width_all=\u00bb2px\u00bb border_color_all=\u00bb#38a2bc\u00bb global_colors_info=\u00bb{}\u00bb background__hover_enabled=\u00bbon|hover\u00bb background_color__hover=\u00bbRGBA(255,255,255,0)\u00bb background_enable_color__hover=\u00bbon\u00bb title_text_color__hover_enabled=\u00bbon|hover\u00bb title_text_color__hover=\u00bb#FFFFFF\u00bb][\/et_pb_heading][\/et_pb_column][\/et_pb_row][\/et_pb_section][et_pb_section fb_built=\u00bb1&#8243; disabled_on=\u00bbon|on|on\u00bb module_class=\u00bbbanner-video\u00bb _builder_version=\u00bb4.27.0&#8243; _module_preset=\u00bbdefault\u00bb background_video_mp4=\u00bbhttps:\/\/turfrob.com\/wp-content\/uploads\/2024\/09\/tr-teaser.mp4&#8243; width=\u00bb100%\u00bb min_height=\u00bb80vh\u00bb height=\u00bb400px\u00bb custom_padding=\u00bb10px|0px|10px|0px|true|true\u00bb disabled=\u00bbon\u00bb global_colors_info=\u00bb{}\u00bb][et_pb_row _builder_version=\u00bb4.27.0&#8243; _module_preset=\u00bbdefault\u00bb width=\u00bb100%\u00bb max_width=\u00bb100%\u00bb custom_padding=\u00bb0px|0px|0px|0px|true|true\u00bb global_colors_info=\u00bb{}\u00bb][et_pb_column type=\u00bb4_4&#8243; _builder_version=\u00bb4.27.0&#8243; _module_preset=\u00bbdefault\u00bb global_colors_info=\u00bb{}\u00bb][et_pb_icon font_icon=\u00bb&#x4d;||divi||400&#8243; icon_color=\u00bb#FFFFFF\u00bb icon_width=\u00bb60px\u00bb align=\u00bbright\u00bb module_class=\u00bbbanner-video-close\u00bb _builder_version=\u00bb4.27.0&#8243; _module_preset=\u00bbdefault\u00bb global_colors_info=\u00bb{}\u00bb][\/et_pb_icon][\/et_pb_column][\/et_pb_row][\/et_pb_section][et_pb_section fb_built=\u00bb1&#8243; custom_padding_last_edited=\u00bbon|tablet\u00bb admin_label=\u00bbText Impressum\u00bb _builder_version=\u00bb4.27.0&#8243; _module_preset=\u00bbdefault\u00bb custom_padding=\u00bb60px|15px|60px|15px|true|false\u00bb custom_padding_tablet=\u00bb30px|15px|30px|15px|true|false\u00bb custom_padding_phone=\u00bb30px|15px|30px|15px|true|false\u00bb global_colors_info=\u00bb{}\u00bb][et_pb_row custom_padding_last_edited=\u00bbon|tablet\u00bb _builder_version=\u00bb4.27.0&#8243; _module_preset=\u00bbdefault\u00bb width=\u00bb100%\u00bb max_width=\u00bb1170px\u00bb custom_padding=\u00bb0px||50px||false|false\u00bb custom_padding_tablet=\u00bb0px||30px||false|false\u00bb custom_padding_phone=\u00bb0px||30px||false|false\u00bb border_color_bottom=\u00bb#38a2bc\u00bb border_style_bottom=\u00bbdashed\u00bb global_colors_info=\u00bb{}\u00bb][et_pb_column type=\u00bb4_4&#8243; _builder_version=\u00bb4.27.0&#8243; _module_preset=\u00bbdefault\u00bb global_colors_info=\u00bb{}\u00bb][et_pb_text _builder_version=\u00bb4.27.0&#8243; _module_preset=\u00bbdefault\u00bb text_font=\u00bbtrade gothic lt pro light|300|||||||\u00bb text_text_color=\u00bb#333333&#8243; text_font_size=\u00bb28px\u00bb text_line_height=\u00bb42px\u00bb header_font_size=\u00bb48px\u00bb text_orientation=\u00bbcenter\u00bb width=\u00bb83%\u00bb module_alignment=\u00bbcenter\u00bb animation_direction=\u00bbleft\u00bb text_font_size_tablet=\u00bb22px\u00bb text_font_size_phone=\u00bb20px\u00bb text_font_size_last_edited=\u00bbon|phone\u00bb text_line_height_tablet=\u00bb30px\u00bb text_line_height_phone=\u00bb26px\u00bb text_line_height_last_edited=\u00bbon|tablet\u00bb global_colors_info=\u00bb{}\u00bb]<\/p>\n<h1>Pie de imprenta<\/h1>\n<p>MoWi Maschinenbau GmbH<br \/>Bruchheide 1<br \/>49163 Bohmte, Alemania<\/p>\n<p><strong>Representaci\u00f3n:<\/strong><\/p>\n<p>Stefan Mosel, Jochen Wiechert<\/p>\n<p><strong>Kontakt:<\/strong><\/p>\n<p>Tel\u00e9fono: +4954718020730<br \/>Correo electr\u00f3nico:\u00a0<a class=\"mail\" title=\"E-Mail Senden\">info@mowi-gmbh.com<\/a><\/p>\n<p><strong>Inscripci\u00f3n registral:<\/strong><\/p>\n<p>Inscripci\u00f3n en el registro mercantil.<br \/>Tribunal de registro: Osnabr\u00fcck<br \/>N\u00famero de registro:\u00a0HRB 213837<\/p>\n<p><strong>IVA:<\/strong><\/p>\n<p>N\u00ba de IVA seg\u00fan el art. 27 a de la ley alemana del IVA (Umsatzsteuergesetz):<br \/>DE328585093<\/p>\n<p><strong>Responsable del contenido seg\u00fan el art. 55 apdo. 2 del Acuerdo estatal sobre televisi\u00f3n en la Alemania unificada (RStV):<\/strong><\/p>\n<p>Stefan Mosel.\u00a0Jochen Wiechert<br \/>Bruchheide 1<br \/>D-49163 Bohmte<\/p>\n<p><strong>Resoluci\u00f3n de litigios<\/strong><\/p>\n<p>La Comisi\u00f3n Europea ha creado una plataforma para la resoluci\u00f3n de litigios en l\u00ednea:\u00a0\u00a0<a href=\"https:\/\/ec.europa.eu\/consumers\/odr\" target=\"_blank\" rel=\"noopener\" data-htmlarea-external=\"1\">https:\/\/ec.europa.eu\/consumers\/odr<\/a>.<br \/>Puede encontrar nuestra direcci\u00f3n de correo electr\u00f3nico arriba, en la informaci\u00f3n legal.<\/p>\n<p>No estamos dispuestos ni obligados a participar en procesos de resoluci\u00f3n de litigios ante un \u00f3rgano de conciliaci\u00f3n de consumidores.<\/p>\n<p><strong>Responsabilidad por contenidos<\/strong><\/p>\n<p class=\"Formatvorlage1\">De acuerdo con el art. 7 apartado 1 de la Ley de Telecomunicaciones alemana (TMG), como proveedores de servicios somos responsables de los contenidos propios que figuren en estas p\u00e1ginas seg\u00fan las leyes generales. Ahora bien, seg\u00fan los arts. 8 a 10 de la TMG, no estamos obligados como proveedores de servicios a supervisar informaci\u00f3n externa que se haya transmitido o almacenado, ni a investigar sobre circunstancias que puedan ser indicio de actividades il\u00edcitas.<\/p>\n<p class=\"Formatvorlage1\">Esto no afecta a las obligaciones relativas a la eliminaci\u00f3n o al bloqueo del uso de informaci\u00f3n seg\u00fan las leyes generales. A este respecto, solo es posible la asunci\u00f3n de responsabilidad a partir del momento en el que se tenga conocimiento de una infracci\u00f3n concreta. Cuando se conozcan las infracciones correspondientes, eliminaremos sin dilaci\u00f3n esos contenidos.<\/p>\n<p><strong>Responsabilidad por enlaces<\/strong><\/p>\n<p class=\"Formatvorlage1\">Nuestra web incluye enlaces a p\u00e1ginas web de terceros, sobre cuyos contenidos no tenemos ninguna influencia. Por tanto, tampoco podemos responsabilizarnos de estos contenidos externos. La responsabilidad de los contenidos de las p\u00e1ginas web enlazadas es del proveedor o del operador de estas p\u00e1ginas. Las p\u00e1ginas vinculadas se revisaron en el momento de su enlace para buscar posibles infracciones de la ley. En ese momento no se detect\u00f3 ning\u00fan contenido il\u00edcito.<\/p>\n<p class=\"Formatvorlage1\">Sin embargo, no puede esperarse razonablemente un control continuo de los contenidos de las p\u00e1ginas enlazadas, a menos que haya indicios concretos de una infracci\u00f3n. Cuando se conozcan las infracciones correspondientes, eliminaremos sin dilaci\u00f3n los v\u00ednculos afectados.<\/p>\n<p><strong>Propiedad intelectual<\/strong><\/p>\n<p class=\"Formatvorlage1\">Los contenidos y las obras creados por el operador de estas p\u00e1ginas est\u00e1n sujetos a las leyes alemanas de propiedad intelectual. La reproducci\u00f3n, modificaci\u00f3n, difusi\u00f3n y el uso m\u00e1s all\u00e1 de los l\u00edmites del derecho de propiedad intelectual requieren la autorizaci\u00f3n por escrito del autor o creador correspondiente. Solo se autoriza descargar y copiar esta p\u00e1gina para su uso privado y no comercial.<\/p>\n<p class=\"Formatvorlage1\">Siempre que los contenidos de esta p\u00e1gina no hayan sido creados por el operador, se observar\u00e1 el derecho sobre la propiedad intelectual de terceros. Los contenidos de terceros se indicar\u00e1n como tales. No obstante, si constata una infracci\u00f3n del derecho de la propiedad intelectual, rogamos que nos lo indique. Cuando se conozcan las infracciones correspondientes, eliminaremos sin dilaci\u00f3n los contenidos afectados.<\/p>\n<p><strong>Nueva realizaci\u00f3n y nuevo desarrollo basados en WordPress:<\/strong><\/p>\n<p>HMF-IT, Osnabr\u00fcck<br \/><a title=\"Internet agency Osnabr\u00fcck- HMF-IT - WordPress development\" href=\"https:\/\/www.hmf-it.de\" target=\"_blank\" rel=\"noopener\">www.hmf-it.de<\/a><\/p>\n<p>[\/et_pb_text][\/et_pb_column][\/et_pb_row][\/et_pb_section]<\/p>\n","protected":false},"excerpt":{"rendered":"<p>Turfrob: Your Greenkeeper for Artificial TurfPie de imprenta MoWi Maschinenbau GmbHBruchheide 149163 Bohmte, Alemania Representaci\u00f3n: Stefan Mosel, Jochen Wiechert Kontakt: Tel\u00e9fono: +4954718020730Correo electr\u00f3nico:\u00a0info@mowi-gmbh.com Inscripci\u00f3n registral: Inscripci\u00f3n en el registro mercantil.Tribunal de registro: Osnabr\u00fcckN\u00famero de registro:\u00a0HRB 213837 IVA: N\u00ba de IVA seg\u00fan el art. 27 a de la ley alemana del IVA (Umsatzsteuergesetz):DE328585093 Responsable del contenido [&hellip;]<\/p>\n","protected":false},"author":1,"featured_media":0,"parent":0,"menu_order":0,"comment_status":"closed","ping_status":"closed","template":"","meta":{"_et_pb_use_builder":"on","_et_pb_old_content":"","_et_gb_content_width":"","footnotes":""},"class_list":["post-546","page","type-page","status-publish","hentry"],"_links":{"self":[{"href":"https:\/\/turfrob.com\/es\/wp-json\/wp\/v2\/pages\/546","targetHints":{"allow":["GET"]}}],"collection":[{"href":"https:\/\/turfrob.com\/es\/wp-json\/wp\/v2\/pages"}],"about":[{"href":"https:\/\/turfrob.com\/es\/wp-json\/wp\/v2\/types\/page"}],"author":[{"embeddable":true,"href":"https:\/\/turfrob.com\/es\/wp-json\/wp\/v2\/users\/1"}],"replies":[{"embeddable":true,"href":"https:\/\/turfrob.com\/es\/wp-json\/wp\/v2\/comments?post=546"}],"version-history":[{"count":5,"href":"https:\/\/turfrob.com\/es\/wp-json\/wp\/v2\/pages\/546\/revisions"}],"predecessor-version":[{"id":606,"href":"https:\/\/turfrob.com\/es\/wp-json\/wp\/v2\/pages\/546\/revisions\/606"}],"wp:attachment":[{"href":"https:\/\/turfrob.com\/es\/wp-json\/wp\/v2\/media?parent=546"}],"curies":[{"name":"wp","href":"https:\/\/api.w.org\/{rel}","templated":true}]}}