{"id":556,"date":"2024-09-07T07:59:29","date_gmt":"2024-09-07T05:59:29","guid":{"rendered":"https:\/\/turfrob.hmf-software.de\/impressum\/"},"modified":"2024-09-08T18:10:19","modified_gmt":"2024-09-08T16:10:19","slug":"mentions-legales","status":"publish","type":"page","link":"https:\/\/turfrob.com\/fr\/mentions-legales\/","title":{"rendered":"Mentions legales"},"content":{"rendered":"<p>[et_pb_section fb_built=\u00a0\u00bb1&Prime; disabled_on=\u00a0\u00bbon|on|on\u00a0\u00bb admin_label=\u00a0\u00bbSektion\u00a0\u00bb module_class=\u00a0\u00bbhome-banner\u00a0\u00bb _builder_version=\u00a0\u00bb4.27.0&Prime; _module_preset=\u00a0\u00bbdefault\u00a0\u00bb background_video_mp4=\u00a0\u00bbhttps:\/\/turfrob.com\/wp-content\/uploads\/2024\/09\/tr-intro-teaser-bg.mp4&Prime; min_height=\u00a0\u00bb80vh\u00a0\u00bb disabled=\u00a0\u00bbon\u00a0\u00bb global_colors_info=\u00a0\u00bb{}\u00a0\u00bb][et_pb_row _builder_version=\u00a0\u00bb4.27.0&Prime; _module_preset=\u00a0\u00bbdefault\u00a0\u00bb max_width=\u00a0\u00bb725px\u00a0\u00bb module_alignment=\u00a0\u00bbcenter\u00a0\u00bb animation_style=\u00a0\u00bbslide\u00a0\u00bb animation_direction=\u00a0\u00bbtop\u00a0\u00bb animation_delay=\u00a0\u00bb500ms\u00a0\u00bb hover_transition_speed_curve=\u00a0\u00bbease-in-out\u00a0\u00bb scroll_vertical_motion=\u00a0\u00bb0|31|31|100|4|0|-4&Prime; global_colors_info=\u00a0\u00bb{}\u00a0\u00bb][et_pb_column type=\u00a0\u00bb4_4&Prime; _builder_version=\u00a0\u00bb4.27.0&Prime; _module_preset=\u00a0\u00bbdefault\u00a0\u00bb global_colors_info=\u00a0\u00bb{}\u00a0\u00bb][et_pb_text _builder_version=\u00a0\u00bb4.27.0&Prime; _module_preset=\u00a0\u00bbdefault\u00a0\u00bb text_font=\u00a0\u00bbjura||||||||\u00a0\u00bb text_text_color=\u00a0\u00bb#FFFFFF\u00a0\u00bb text_font_size=\u00a0\u00bb85px\u00a0\u00bb text_line_height=\u00a0\u00bb85px\u00a0\u00bb text_orientation=\u00a0\u00bbcenter\u00a0\u00bb custom_padding=\u00a0\u00bb||60px||false|false\u00a0\u00bb custom_padding_tablet=\u00a0\u00bb||60px||false|false\u00a0\u00bb custom_padding_phone=\u00a0\u00bb||30px||false|false\u00a0\u00bb custom_padding_last_edited=\u00a0\u00bbon|phone\u00a0\u00bb text_font_size_tablet=\u00a0\u00bb60px\u00a0\u00bb text_font_size_phone=\u00a0\u00bb40px\u00a0\u00bb text_font_size_last_edited=\u00a0\u00bbon|phone\u00a0\u00bb text_line_height_tablet=\u00a0\u00bb60px\u00a0\u00bb text_line_height_phone=\u00a0\u00bb40px\u00a0\u00bb text_line_height_last_edited=\u00a0\u00bbon|tablet\u00a0\u00bb global_colors_info=\u00a0\u00bb{}\u00a0\u00bb]<\/p>\n<p><span class=\"text-sky\"><span style=\"vertical-align: inherit;\"><span style=\"vertical-align: inherit;\"><span style=\"vertical-align: inherit;\"><span style=\"vertical-align: inherit;\">Turfrob: <\/span><\/span><\/span><\/span><\/span><span style=\"vertical-align: inherit;\"><span style=\"vertical-align: inherit;\"><span style=\"vertical-align: inherit;\"><span style=\"vertical-align: inherit;\">Your Greenkeeper for Artificial Turf<\/span><\/span><\/span><\/span><\/p>\n<p>[\/et_pb_text][et_pb_heading title=\u00a0\u00bbPLAY\u00a0\u00bb admin_label=\u00a0\u00bbh6&Prime; module_class=\u00a0\u00bbbanner-video-play\u00a0\u00bb _builder_version=\u00a0\u00bb4.27.0&Prime; _module_preset=\u00a0\u00bbdefault\u00a0\u00bb title_level=\u00a0\u00bbh4&Prime; title_font=\u00a0\u00bbtrade gothic lt pro light|||on|||||\u00a0\u00bb title_text_align=\u00a0\u00bbcenter\u00a0\u00bb title_text_color=\u00a0\u00bb#FFFFFF\u00a0\u00bb title_font_size=\u00a0\u00bb24px\u00a0\u00bb title_line_height=\u00a0\u00bb24px\u00a0\u00bb background_color=\u00a0\u00bb#38a2bc\u00a0\u00bb positioning=\u00a0\u00bbnone\u00a0\u00bb custom_margin=\u00a0\u00bb0px||0px||false|false\u00a0\u00bb custom_padding=\u00a0\u00bb10px|50px|10px|50px|true|true\u00a0\u00bb border_radii=\u00a0\u00bbon|10px|10px|10px|10px\u00a0\u00bb border_width_all=\u00a0\u00bb2px\u00a0\u00bb border_color_all=\u00a0\u00bb#38a2bc\u00a0\u00bb global_colors_info=\u00a0\u00bb{}\u00a0\u00bb background__hover_enabled=\u00a0\u00bbon|hover\u00a0\u00bb background_color__hover=\u00a0\u00bbRGBA(255,255,255,0)\u00a0\u00bb background_enable_color__hover=\u00a0\u00bbon\u00a0\u00bb title_text_color__hover_enabled=\u00a0\u00bbon|hover\u00a0\u00bb title_text_color__hover=\u00a0\u00bb#FFFFFF\u00a0\u00bb][\/et_pb_heading][\/et_pb_column][\/et_pb_row][\/et_pb_section][et_pb_section fb_built=\u00a0\u00bb1&Prime; disabled_on=\u00a0\u00bbon|on|on\u00a0\u00bb module_class=\u00a0\u00bbbanner-video\u00a0\u00bb _builder_version=\u00a0\u00bb4.27.0&Prime; _module_preset=\u00a0\u00bbdefault\u00a0\u00bb background_video_mp4=\u00a0\u00bbhttps:\/\/turfrob.com\/wp-content\/uploads\/2024\/09\/tr-teaser.mp4&Prime; width=\u00a0\u00bb100%\u00a0\u00bb min_height=\u00a0\u00bb80vh\u00a0\u00bb height=\u00a0\u00bb400px\u00a0\u00bb custom_padding=\u00a0\u00bb10px|0px|10px|0px|true|true\u00a0\u00bb disabled=\u00a0\u00bbon\u00a0\u00bb global_colors_info=\u00a0\u00bb{}\u00a0\u00bb][et_pb_row _builder_version=\u00a0\u00bb4.27.0&Prime; _module_preset=\u00a0\u00bbdefault\u00a0\u00bb width=\u00a0\u00bb100%\u00a0\u00bb max_width=\u00a0\u00bb100%\u00a0\u00bb custom_padding=\u00a0\u00bb0px|0px|0px|0px|true|true\u00a0\u00bb global_colors_info=\u00a0\u00bb{}\u00a0\u00bb][et_pb_column type=\u00a0\u00bb4_4&Prime; _builder_version=\u00a0\u00bb4.27.0&Prime; _module_preset=\u00a0\u00bbdefault\u00a0\u00bb global_colors_info=\u00a0\u00bb{}\u00a0\u00bb][et_pb_icon font_icon=\u00a0\u00bb&#x4d;||divi||400&Prime; icon_color=\u00a0\u00bb#FFFFFF\u00a0\u00bb icon_width=\u00a0\u00bb60px\u00a0\u00bb align=\u00a0\u00bbright\u00a0\u00bb module_class=\u00a0\u00bbbanner-video-close\u00a0\u00bb _builder_version=\u00a0\u00bb4.27.0&Prime; _module_preset=\u00a0\u00bbdefault\u00a0\u00bb global_colors_info=\u00a0\u00bb{}\u00a0\u00bb][\/et_pb_icon][\/et_pb_column][\/et_pb_row][\/et_pb_section][et_pb_section fb_built=\u00a0\u00bb1&Prime; custom_padding_last_edited=\u00a0\u00bbon|tablet\u00a0\u00bb admin_label=\u00a0\u00bbText Impressum\u00a0\u00bb _builder_version=\u00a0\u00bb4.27.0&Prime; _module_preset=\u00a0\u00bbdefault\u00a0\u00bb custom_padding=\u00a0\u00bb60px|15px|60px|15px|true|false\u00a0\u00bb custom_padding_tablet=\u00a0\u00bb30px|15px|30px|15px|true|false\u00a0\u00bb custom_padding_phone=\u00a0\u00bb30px|15px|30px|15px|true|false\u00a0\u00bb global_colors_info=\u00a0\u00bb{}\u00a0\u00bb][et_pb_row custom_padding_last_edited=\u00a0\u00bbon|tablet\u00a0\u00bb _builder_version=\u00a0\u00bb4.27.0&Prime; _module_preset=\u00a0\u00bbdefault\u00a0\u00bb width=\u00a0\u00bb100%\u00a0\u00bb max_width=\u00a0\u00bb1170px\u00a0\u00bb custom_padding=\u00a0\u00bb0px||50px||false|false\u00a0\u00bb custom_padding_tablet=\u00a0\u00bb0px||30px||false|false\u00a0\u00bb custom_padding_phone=\u00a0\u00bb0px||30px||false|false\u00a0\u00bb border_color_bottom=\u00a0\u00bb#38a2bc\u00a0\u00bb border_style_bottom=\u00a0\u00bbdashed\u00a0\u00bb global_colors_info=\u00a0\u00bb{}\u00a0\u00bb][et_pb_column type=\u00a0\u00bb4_4&Prime; _builder_version=\u00a0\u00bb4.27.0&Prime; _module_preset=\u00a0\u00bbdefault\u00a0\u00bb global_colors_info=\u00a0\u00bb{}\u00a0\u00bb][et_pb_text _builder_version=\u00a0\u00bb4.27.0&Prime; _module_preset=\u00a0\u00bbdefault\u00a0\u00bb text_font=\u00a0\u00bbtrade gothic lt pro light|300|||||||\u00a0\u00bb text_text_color=\u00a0\u00bb#333333&Prime; text_font_size=\u00a0\u00bb28px\u00a0\u00bb text_line_height=\u00a0\u00bb42px\u00a0\u00bb header_font_size=\u00a0\u00bb48px\u00a0\u00bb text_orientation=\u00a0\u00bbcenter\u00a0\u00bb width=\u00a0\u00bb83%\u00a0\u00bb module_alignment=\u00a0\u00bbcenter\u00a0\u00bb animation_direction=\u00a0\u00bbleft\u00a0\u00bb hover_enabled=\u00a0\u00bb0&Prime; text_font_size_tablet=\u00a0\u00bb22px\u00a0\u00bb text_font_size_phone=\u00a0\u00bb20px\u00a0\u00bb text_font_size_last_edited=\u00a0\u00bbon|phone\u00a0\u00bb text_line_height_tablet=\u00a0\u00bb30px\u00a0\u00bb text_line_height_phone=\u00a0\u00bb26px\u00a0\u00bb text_line_height_last_edited=\u00a0\u00bbon|tablet\u00a0\u00bb global_colors_info=\u00a0\u00bb{}\u00a0\u00bb sticky_enabled=\u00a0\u00bb0&Prime;]<\/p>\n<h1>Mentions l\u00e9gales<\/h1>\n<p>MoWi Maschinenbau GmbH<br \/>Bruchheide 1<br \/>49163 Bohmte<\/p>\n<p><strong>G\u00e9rant :<\/strong><\/p>\n<p>Stefan Mosel, Jochen Wiechert<\/p>\n<p><strong>Contact<\/strong><\/p>\n<p>Telefon: +4954718020730<br \/>E-Mail: info@mowi-gmbh.com<\/p>\n<p><strong>Inscription au registre :<\/strong><\/p>\n<p>Inscription au registre du commerce :<br \/>Tribunal en charge du registre : Osnabr\u00fcck<br \/>Num\u00e9ro de registre : HRB 213837<\/p>\n<p><strong>N\u00b0 de TVA intracommunautaire<\/strong><\/p>\n<p>N\u00b0 d\u2019identification de TVA intracommunautaire en vertu du \u00a7 27 a de la loi allemande relative \u00e0 l\u2019imp\u00f4t sur le chiffre d\u2019affaires :<br \/>DE328585093<\/p>\n<p><strong>Responsable du contenu en vertu du \u00a7 55, alin\u00e9a 2 du Trait\u00e9 d\u2019\u00c9tat allemand sur la radiodiffusion :<\/strong><\/p>\n<p>Stefan Mosel.\u00a0Jochen Wiechert<br \/>Bruchheide 1<br \/>D-49163 Bohmte<\/p>\n<p><strong>R\u00e8glement des litiges<\/strong><\/p>\n<p>La Commission europ\u00e9enne met une plate-forme \u00e0 disposition pour le r\u00e8glement en ligne des litiges (RLL) :\u00a0<a href=\"https:\/\/ec.europa.eu\/consumers\/odr\" target=\"_blank\" rel=\"noopener\">ec.europa.eu\/consumers\/odr<\/a>. Vous trouverez notre adresse e-mail ci-dessus, dans les mentions l\u00e9gales.<\/p>\n<p>Nous ne sommes pas dispos\u00e9s ou tenus de prendre part \u00e0 un r\u00e8glement des litiges devant un organisme de r\u00e8glement des litiges.<\/p>\n<p><strong>Responsabilit\u00e9 relative aux contenus<\/strong><\/p>\n<p>En tant que fournisseur de services, nous sommes responsables en vertu du \u00a7 7, alin\u00e9a 1 de la loi allemande sur les t\u00e9l\u00e9m\u00e9dias (TMG) des contenus propres diffus\u00e9s sur ces pages conform\u00e9ment aux lois g\u00e9n\u00e9rales. En vertu des \u00a7 8 \u00e0 \u00a7 10 de la loi allemande sur les t\u00e9l\u00e9m\u00e9dias (TMG), nous, en tant que fournisseur de services, ne sommes cependant pas tenus de surveiller les informations de tiers transmises ou enregistr\u00e9es, ou de rechercher des circonstances \u00e9voquant une activit\u00e9 ill\u00e9gale.<\/p>\n<p>Les responsabilit\u00e9s en mati\u00e8re de suppression ou de blocage de l&rsquo;utilisation des informations selon les lois g\u00e9n\u00e9rales ne sont pas affect\u00e9es. Une responsabilit\u00e9 ne peut cependant \u00eatre engag\u00e9e \u00e0 ce sujet qu&rsquo;\u00e0 compter du moment o\u00f9 la violation du droit est \u00e9tablie. Nous nous engageons d\u00e8s lors \u00e0 retirer imm\u00e9diatement du site le contenu illicite.<\/p>\n<p><strong>Responsabilit\u00e9 relative aux liens<\/strong><\/p>\n<p>Nos offres int\u00e8grent des liens vers des sites externes de tiers dont nous ne contr\u00f4lons pas les contenus. C&rsquo;est pourquoi nous ne pouvons fournir aucune garantie quant \u00e0 ces contenus externes. Seuls le fournisseur ou le g\u00e9rant des pages vers lesquelles les liens indiqu\u00e9s redirigent sont responsables du contenu correspondant. Nous avons contr\u00f4l\u00e9 les sites mis en lien pendant le r\u00e9f\u00e9rencement concernant des violations \u00e9ventuelles du droit. Des contenus illicites n&rsquo;ont pas \u00e9t\u00e9 d\u00e9tect\u00e9s au moment de la mise en place des liens.<\/p>\n<p>Un contr\u00f4le permanent du contenu des sites li\u00e9s n&rsquo;est pas r\u00e9alisable sans soup\u00e7on concret d&rsquo;infraction. Si une violation est \u00e9tablie, nous nous engageons \u00e0 retirer imm\u00e9diatement du site de tels liens illicites.<\/p>\n<p><strong>Propri\u00e9t\u00e9 intellectuelle<\/strong><\/p>\n<p>Les contenus et les \u0153uvres r\u00e9alis\u00e9s par les g\u00e9rants du site et figurant sur ces pages sont prot\u00e9g\u00e9s par le droit d&rsquo;auteur allemand. La reproduction, le traitement, la diffusion et l&rsquo;exploitation de quelque sorte que ce soit hors des limites de ce droit requi\u00e8rent l&rsquo;accord \u00e9crit de l&rsquo;auteur ou du cr\u00e9ateur concern\u00e9. Les t\u00e9l\u00e9chargements et les copies de ce site sont autoris\u00e9s \u00e0 des fins priv\u00e9es, mais interdits \u00e0 des fins commerciales.<\/p>\n<p>Dans la mesure o\u00f9 les contenus propos\u00e9s sur ce site n&rsquo;ont pas \u00e9t\u00e9 r\u00e9alis\u00e9s par le g\u00e9rant du site, les droits d&rsquo;auteur de tiers sont pris en compte. Les contenus de tiers sont en particulier indiqu\u00e9s comme tels. Nous vous prions de nous informer si vous constatez tout de m\u00eame une violation des droits d&rsquo;auteur. Nous nous engageons d\u00e8s lors \u00e0 retirer imm\u00e9diatement du site de tels contenus.<\/p>\n<p><strong>Cr\u00e9ation et d\u00e9veloppement sur la base de WordPress:<br \/><\/strong>HMF-IT d&rsquo;Osnabr\u00fcck<br \/><a title=\"Internetagentur Osnabr\u00fcck- HMF-IT - WordPress Entwicklung\" href=\"https:\/\/www.hmf-it.de\" target=\"_blank\" rel=\"noopener\">www.hmf-it.de<\/a><\/p>\n<p>[\/et_pb_text][\/et_pb_column][\/et_pb_row][\/et_pb_section]<\/p>\n","protected":false},"excerpt":{"rendered":"<p>Turfrob: Your Greenkeeper for Artificial TurfMentions l\u00e9gales MoWi Maschinenbau GmbHBruchheide 149163 Bohmte G\u00e9rant : Stefan Mosel, Jochen Wiechert Contact Telefon: +4954718020730E-Mail: info@mowi-gmbh.com Inscription au registre : Inscription au registre du commerce :Tribunal en charge du registre : Osnabr\u00fcckNum\u00e9ro de registre : HRB 213837 N\u00b0 de TVA intracommunautaire N\u00b0 d\u2019identification de TVA intracommunautaire en vertu du [&hellip;]<\/p>\n","protected":false},"author":1,"featured_media":0,"parent":0,"menu_order":0,"comment_status":"closed","ping_status":"closed","template":"","meta":{"_et_pb_use_builder":"on","_et_pb_old_content":"","_et_gb_content_width":"","footnotes":""},"class_list":["post-556","page","type-page","status-publish","hentry"],"_links":{"self":[{"href":"https:\/\/turfrob.com\/fr\/wp-json\/wp\/v2\/pages\/556","targetHints":{"allow":["GET"]}}],"collection":[{"href":"https:\/\/turfrob.com\/fr\/wp-json\/wp\/v2\/pages"}],"about":[{"href":"https:\/\/turfrob.com\/fr\/wp-json\/wp\/v2\/types\/page"}],"author":[{"embeddable":true,"href":"https:\/\/turfrob.com\/fr\/wp-json\/wp\/v2\/users\/1"}],"replies":[{"embeddable":true,"href":"https:\/\/turfrob.com\/fr\/wp-json\/wp\/v2\/comments?post=556"}],"version-history":[{"count":2,"href":"https:\/\/turfrob.com\/fr\/wp-json\/wp\/v2\/pages\/556\/revisions"}],"predecessor-version":[{"id":611,"href":"https:\/\/turfrob.com\/fr\/wp-json\/wp\/v2\/pages\/556\/revisions\/611"}],"wp:attachment":[{"href":"https:\/\/turfrob.com\/fr\/wp-json\/wp\/v2\/media?parent=556"}],"curies":[{"name":"wp","href":"https:\/\/api.w.org\/{rel}","templated":true}]}}